{"id":1568,"date":"2020-01-07T17:17:40","date_gmt":"2020-01-07T17:17:40","guid":{"rendered":"https:\/\/webpartners.co\/?page_id=1568"},"modified":"2026-04-02T20:08:10","modified_gmt":"2026-04-02T20:08:10","slug":"program-details","status":"publish","type":"page","link":"https:\/\/www.webpartners.co\/pt\/program-details\/","title":{"rendered":"Detalhes do Programa"},"content":{"rendered":"<p><\/p>\n\n\n\n<p>Betting on sports and horses, and playing online casino continues to attract millions of customers from all over the world, which makes WEB PARTNERS a smart choice when looking for a profitable Affiliate Program to promote.<\/p>\n\n\n\n<p>Sportsbook, Racebook e Casino Affiliates ganham algumas das maiores comiss\u00f5es da ind\u00fastria de marketing de afiliados online porque est\u00e3o promovendo um nicho de entretenimento comprovado em um mercado multimilion\u00e1rio, que continua a evoluir e crescer.<\/p>\n\n\n\n<p>Our brands offer the widest selection of sports betting lines from all major sporting events worldwide. It\u2019s easy to convert prospective leads into real-money players when you create content that highlights the products and bonuses made available from the brands we offer. <\/p>\n\n\n\n<hr class=\"wp-block-separator is-style-wide\"\/>\n\n\n\n<div style=\"height:50px\" aria-hidden=\"true\" class=\"wp-block-spacer\"><\/div>\n\n\n\n<h2>Revenue Sharing<\/h2>\n\n\n\n<div class=\"wp-block-image\"><figure class=\"alignleft size-full\"><img loading=\"lazy\" width=\"186\" height=\"141\" src=\"https:\/\/www.webpartners.co\/wp-content\/uploads\/WP-Tiered-RS-Icon-186x141-1.png\" alt=\"\" class=\"wp-image-4849\" srcset=\"https:\/\/www.webpartners.co\/wp-content\/uploads\/WP-Tiered-RS-Icon-186x141-1.png 186w, https:\/\/www.webpartners.co\/wp-content\/uploads\/WP-Tiered-RS-Icon-186x141-1-16x12.png 16w\" sizes=\"(max-width: 186px) 100vw, 186px\" \/><\/figure><\/div>\n\n\n\n<p>If you\u2019re looking to become a successful affiliate, you\u2019ve come to the right place. Betting on sports and horses, and playing online casino games continues to attract millions of customers from all over the world, which makes it a smart choice when looking for profitable products to promote.<\/p>\n\n\n\n<p>Nossa op\u00e7\u00e3o de comiss\u00e3o mais popular \u00e9 nosso generoso plano de divis\u00e3o de receita em 4 camadas. Quando ganhamos dinheiro, voc\u00ea tamb\u00e9m ganha! Oferecemos aos nossos parceiros at\u00e9 35% do total de perdas de clientes que voc\u00ea refere \u00e0s nossas marcas e oferecemos uma \u00f3tima participa\u00e7\u00e3o nos lucros de 50% em seu primeiro m\u00eas conosco. <a href=\"https:\/\/www.webpartners.co\/pt\/knowledge-base\/carry-negative-commissions\/\">Negative carryover<\/a> does apply to our default 4-tiered revenue share plan.<\/p>\n\n\n\n<h5>N\u00edveis da Comiss\u00e3o:<\/h5>\n\n\n\n<ul><li>25% = $1 to $9,999<\/li><li>27% = $10,000 to $19,999<\/li><li>30% = $20,0000 to $29,999<\/li><li>35% = $ 30.000 Plus<\/li><\/ul>\n\n\n\n<hr class=\"wp-block-separator is-style-wide\"\/>\n\n\n\n<div style=\"height:50px\" aria-hidden=\"true\" class=\"wp-block-spacer\"><\/div>\n\n\n\n<h2>Cost Per Account (CPA)<\/h2>\n\n\n\n<div class=\"wp-block-image\"><figure class=\"alignleft size-full\"><img loading=\"lazy\" width=\"186\" height=\"141\" src=\"https:\/\/www.webpartners.co\/wp-content\/uploads\/WP-CPA-Icon-186x141-1.png\" alt=\"\" class=\"wp-image-4847\" srcset=\"https:\/\/www.webpartners.co\/wp-content\/uploads\/WP-CPA-Icon-186x141-1.png 186w, https:\/\/www.webpartners.co\/wp-content\/uploads\/WP-CPA-Icon-186x141-1-16x12.png 16w\" sizes=\"(max-width: 186px) 100vw, 186px\" \/><\/figure><\/div>\n\n\n\n<p>Com a mais ampla sele\u00e7\u00e3o de linhas de apostas nos principais eventos esportivos em todo o mundo, apostas no jogo, cassino com crupi\u00ea ao vivo e o melhor programa de fidelidade do setor, \u00e9 f\u00e1cil converter leads em potencial em jogadores de dinheiro real ao promover marcas WebPartners!<\/p>\n\n\n\n<p>Para afiliados selecionados, podemos oferecer uma estrutura de comiss\u00e3o de custo por conta (CPA). Por favor, pergunte sobre o que podemos oferecer por marca e produto.<\/p>\n\n\n\n<p>&nbsp;<\/p>\n\n\n\n<hr class=\"wp-block-separator is-style-wide\"\/>\n\n\n\n<div style=\"height:50px\" aria-hidden=\"true\" class=\"wp-block-spacer\"><\/div>\n\n\n\n<h2>Hybrid Commission Plans<\/h2>\n\n\n\n<div class=\"wp-block-image\"><figure class=\"alignleft size-full\"><img loading=\"lazy\" width=\"186\" height=\"141\" src=\"https:\/\/www.webpartners.co\/wp-content\/uploads\/WP-Hybrid-Icon-186x141-1.png\" alt=\"\" class=\"wp-image-4848\" srcset=\"https:\/\/www.webpartners.co\/wp-content\/uploads\/WP-Hybrid-Icon-186x141-1.png 186w, https:\/\/www.webpartners.co\/wp-content\/uploads\/WP-Hybrid-Icon-186x141-1-16x12.png 16w\" sizes=\"(max-width: 186px) 100vw, 186px\" \/><\/figure><\/div>\n\n\n\n<p>Afiliados de Sportsbook, Racebook e Casino ganham algumas das maiores comiss\u00f5es na ind\u00fastria de marketing de afiliados online porque est\u00e3o promovendo um mercado multimilion\u00e1rio, que est\u00e1 crescendo continuamente.<\/p>\n\n\n\n<p>Reconhecemos que alguns afiliados preferem uma estrutura de comiss\u00e3o \"o melhor dos dois mundos\", e \u00e9 por isso que podemos oferecer aos nossos parceiros um CPA combinado com compartilhamento de receita. Os neg\u00f3cios h\u00edbridos s\u00e3o exatamente isso uma combina\u00e7\u00e3o de dois planos - CPA e revshare. Eles oferecem recursos de ambos os mundos em que cada componente geralmente paga uma parte inferior de cada plano em compara\u00e7\u00e3o com suas ofertas padr\u00e3o originais.<\/p>\n\n\n\n<p>Informe-se sobre nossos planos de comiss\u00e3o h\u00edbrida com seu gerente de afiliados.<\/p>\n\n\n\n<p>O que <a href=\"https:\/\/www.webpartners.co\/pt\/knowledge-base\/mean-affiliate-account-shows-negative-positive-earnings\/\">M\u00e9dia de transfer\u00eancia negativa<\/a>?<\/p>","protected":false},"excerpt":{"rendered":"<p>Betting on sports and horses, and playing online casino continues to attract millions of customers from all over the world, which makes WEB PARTNERS a smart choice when looking for a profitable Affiliate Program to promote. Sportsbook, Racebook and Casino Affiliates earn some of the highest commissions in the online affiliate marketing industry because they\u2018re [&hellip;]<\/p>","protected":false},"author":13,"featured_media":0,"parent":0,"menu_order":0,"comment_status":"closed","ping_status":"closed","template":"","meta":{"_mi_skip_tracking":false},"acf":[],"yoast_head":"<!-- This site is optimized with the Yoast SEO plugin v18.9 - https:\/\/yoast.com\/wordpress\/plugins\/seo\/ -->\n<title>Program Details - WebPartners.co<\/title>\n<meta name=\"robots\" content=\"index, follow, max-snippet:-1, max-image-preview:large, max-video-preview:-1\" \/>\n<link rel=\"canonical\" href=\"https:\/\/www.webpartners.co\/pt\/program-details\/\" \/>\n<meta property=\"og:locale\" content=\"pt_BR\" \/>\n<meta property=\"og:type\" content=\"article\" \/>\n<meta property=\"og:title\" content=\"Program Details - WebPartners.co\" \/>\n<meta property=\"og:description\" content=\"Betting on sports and horses, and playing online casino continues to attract millions of customers from all over the world, which makes WEB PARTNERS a smart choice when looking for a profitable Affiliate Program to promote. Sportsbook, Racebook and Casino Affiliates earn some of the highest commissions in the online affiliate marketing industry because they\u2018re [&hellip;]\" \/>\n<meta property=\"og:url\" content=\"https:\/\/www.webpartners.co\/pt\/program-details\/\" \/>\n<meta property=\"og:site_name\" content=\"WebPartners.co\" \/>\n<meta property=\"article:publisher\" content=\"https:\/\/www.facebook.com\/Webpartnersco\/\" \/>\n<meta property=\"article:modified_time\" content=\"2026-04-02T20:08:10+00:00\" \/>\n<meta property=\"og:image\" content=\"https:\/\/www.webpartners.co\/wp-content\/uploads\/WP-Tiered-RS-Icon-186x141-1.png\" \/>\n<meta name=\"twitter:card\" content=\"summary\" \/>\n<meta name=\"twitter:site\" content=\"@webpartnersco\" \/>\n<meta name=\"twitter:label1\" content=\"Est. tempo de leitura\" \/>\n\t<meta name=\"twitter:data1\" content=\"3 minutos\" \/>\n<script type=\"application\/ld+json\" class=\"yoast-schema-graph\">{\"@context\":\"https:\/\/schema.org\",\"@graph\":[{\"@type\":\"WebSite\",\"@id\":\"https:\/\/www.webpartners.co\/#website\",\"url\":\"https:\/\/www.webpartners.co\/\",\"name\":\"WebPartners.co\",\"description\":\"Betting Affiliate Program\",\"potentialAction\":[{\"@type\":\"SearchAction\",\"target\":{\"@type\":\"EntryPoint\",\"urlTemplate\":\"https:\/\/www.webpartners.co\/?s={search_term_string}\"},\"query-input\":\"required name=search_term_string\"}],\"inLanguage\":\"pt-BR\"},{\"@type\":\"ImageObject\",\"inLanguage\":\"pt-BR\",\"@id\":\"https:\/\/www.webpartners.co\/program-details\/#primaryimage\",\"url\":\"https:\/\/www.webpartners.co\/wp-content\/uploads\/WP-Tiered-RS-Icon-186x141-1.png\",\"contentUrl\":\"https:\/\/www.webpartners.co\/wp-content\/uploads\/WP-Tiered-RS-Icon-186x141-1.png\",\"width\":186,\"height\":141},{\"@type\":\"WebPage\",\"@id\":\"https:\/\/www.webpartners.co\/program-details\/#webpage\",\"url\":\"https:\/\/www.webpartners.co\/program-details\/\",\"name\":\"Program Details - WebPartners.co\",\"isPartOf\":{\"@id\":\"https:\/\/www.webpartners.co\/#website\"},\"primaryImageOfPage\":{\"@id\":\"https:\/\/www.webpartners.co\/program-details\/#primaryimage\"},\"datePublished\":\"2020-01-07T17:17:40+00:00\",\"dateModified\":\"2026-04-02T20:08:10+00:00\",\"breadcrumb\":{\"@id\":\"https:\/\/www.webpartners.co\/program-details\/#breadcrumb\"},\"inLanguage\":\"pt-BR\",\"potentialAction\":[{\"@type\":\"ReadAction\",\"target\":[\"https:\/\/www.webpartners.co\/program-details\/\"]}]},{\"@type\":\"BreadcrumbList\",\"@id\":\"https:\/\/www.webpartners.co\/program-details\/#breadcrumb\",\"itemListElement\":[{\"@type\":\"ListItem\",\"position\":1,\"name\":\"Home\",\"item\":\"https:\/\/www.webpartners.co\/\"},{\"@type\":\"ListItem\",\"position\":2,\"name\":\"Program Details\"}]}]}<\/script>\n<!-- \/ Yoast SEO plugin. -->","yoast_head_json":{"title":"Program Details - WebPartners.co","robots":{"index":"index","follow":"follow","max-snippet":"max-snippet:-1","max-image-preview":"max-image-preview:large","max-video-preview":"max-video-preview:-1"},"canonical":"https:\/\/www.webpartners.co\/pt\/program-details\/","og_locale":"pt_BR","og_type":"article","og_title":"Program Details - WebPartners.co","og_description":"Betting on sports and horses, and playing online casino continues to attract millions of customers from all over the world, which makes WEB PARTNERS a smart choice when looking for a profitable Affiliate Program to promote. Sportsbook, Racebook and Casino Affiliates earn some of the highest commissions in the online affiliate marketing industry because they\u2018re [&hellip;]","og_url":"https:\/\/www.webpartners.co\/pt\/program-details\/","og_site_name":"WebPartners.co","article_publisher":"https:\/\/www.facebook.com\/Webpartnersco\/","article_modified_time":"2026-04-02T20:08:10+00:00","og_image":[{"url":"https:\/\/www.webpartners.co\/wp-content\/uploads\/WP-Tiered-RS-Icon-186x141-1.png"}],"twitter_card":"summary","twitter_site":"@webpartnersco","twitter_misc":{"Est. tempo de leitura":"3 minutos"},"schema":{"@context":"https:\/\/schema.org","@graph":[{"@type":"WebSite","@id":"https:\/\/www.webpartners.co\/#website","url":"https:\/\/www.webpartners.co\/","name":"WebPartners.co","description":"Betting Affiliate Program","potentialAction":[{"@type":"SearchAction","target":{"@type":"EntryPoint","urlTemplate":"https:\/\/www.webpartners.co\/?s={search_term_string}"},"query-input":"required name=search_term_string"}],"inLanguage":"pt-BR"},{"@type":"ImageObject","inLanguage":"pt-BR","@id":"https:\/\/www.webpartners.co\/program-details\/#primaryimage","url":"https:\/\/www.webpartners.co\/wp-content\/uploads\/WP-Tiered-RS-Icon-186x141-1.png","contentUrl":"https:\/\/www.webpartners.co\/wp-content\/uploads\/WP-Tiered-RS-Icon-186x141-1.png","width":186,"height":141},{"@type":"WebPage","@id":"https:\/\/www.webpartners.co\/program-details\/#webpage","url":"https:\/\/www.webpartners.co\/program-details\/","name":"Program Details - WebPartners.co","isPartOf":{"@id":"https:\/\/www.webpartners.co\/#website"},"primaryImageOfPage":{"@id":"https:\/\/www.webpartners.co\/program-details\/#primaryimage"},"datePublished":"2020-01-07T17:17:40+00:00","dateModified":"2026-04-02T20:08:10+00:00","breadcrumb":{"@id":"https:\/\/www.webpartners.co\/program-details\/#breadcrumb"},"inLanguage":"pt-BR","potentialAction":[{"@type":"ReadAction","target":["https:\/\/www.webpartners.co\/program-details\/"]}]},{"@type":"BreadcrumbList","@id":"https:\/\/www.webpartners.co\/program-details\/#breadcrumb","itemListElement":[{"@type":"ListItem","position":1,"name":"Home","item":"https:\/\/www.webpartners.co\/"},{"@type":"ListItem","position":2,"name":"Program Details"}]}]}},"_links":{"self":[{"href":"https:\/\/www.webpartners.co\/pt\/wp-json\/wp\/v2\/pages\/1568"}],"collection":[{"href":"https:\/\/www.webpartners.co\/pt\/wp-json\/wp\/v2\/pages"}],"about":[{"href":"https:\/\/www.webpartners.co\/pt\/wp-json\/wp\/v2\/types\/page"}],"author":[{"embeddable":true,"href":"https:\/\/www.webpartners.co\/pt\/wp-json\/wp\/v2\/users\/13"}],"replies":[{"embeddable":true,"href":"https:\/\/www.webpartners.co\/pt\/wp-json\/wp\/v2\/comments?post=1568"}],"version-history":[{"count":15,"href":"https:\/\/www.webpartners.co\/pt\/wp-json\/wp\/v2\/pages\/1568\/revisions"}],"predecessor-version":[{"id":9958,"href":"https:\/\/www.webpartners.co\/pt\/wp-json\/wp\/v2\/pages\/1568\/revisions\/9958"}],"wp:attachment":[{"href":"https:\/\/www.webpartners.co\/pt\/wp-json\/wp\/v2\/media?parent=1568"}],"curies":[{"name":"wp","href":"https:\/\/api.w.org\/{rel}","templated":true}]}}