{"id":117,"date":"2017-07-23T20:50:12","date_gmt":"2017-07-23T20:50:12","guid":{"rendered":"http:\/\/webpartners.co\/?page_id=117"},"modified":"2021-10-25T21:50:36","modified_gmt":"2021-10-25T21:50:36","slug":"about-us","status":"publish","type":"page","link":"https:\/\/www.webpartners.co\/pt\/about-us\/","title":{"rendered":"Sobre n\u00f3s"},"content":{"rendered":"<h3>Our Vision<\/h3>\n<p>Situado no vale central da ensolarada Costa Rica, constru\u00edmos uma equipe de marketing talentosa e de servi\u00e7o completo. Nossos profissionais de conta s\u00e3o \u00e1geis e adapt\u00e1veis; gerenciando contas com habilidade e entusiasmo nerd. Cada membro de nossa equipe em crescimento est\u00e1 aqui n\u00e3o apenas porque \u00e9 talentoso e experiente, mas porque ama o que faz.<\/p>","protected":false},"excerpt":{"rendered":"<p>Our Vision Nestled in the central valley of sunny Costa Rica, we\u2019ve built a talented, full-service Marketing team. Our account professionals are responsive and adaptable; managing accounts with skill and nerdy enthusiasm. Each member of our growing team is here not only because they\u2019re talented and experienced but because they love what they do.<\/p>","protected":false},"author":13,"featured_media":0,"parent":0,"menu_order":0,"comment_status":"closed","ping_status":"closed","template":"page-about-us-template.php","meta":{"_mi_skip_tracking":false},"acf":[],"yoast_head":"<!-- This site is optimized with the Yoast SEO plugin v18.9 - https:\/\/yoast.com\/wordpress\/plugins\/seo\/ -->\n<title>About Us - WebPartners.co<\/title>\n<meta name=\"robots\" content=\"index, follow, max-snippet:-1, max-image-preview:large, max-video-preview:-1\" \/>\n<link rel=\"canonical\" href=\"https:\/\/www.webpartners.co\/pt\/about-us\/\" \/>\n<meta property=\"og:locale\" content=\"pt_BR\" \/>\n<meta property=\"og:type\" content=\"article\" \/>\n<meta property=\"og:title\" content=\"About Us - WebPartners.co\" \/>\n<meta property=\"og:description\" content=\"Our Vision Nestled in the central valley of sunny Costa Rica, we\u2019ve built a talented, full-service Marketing team. Our account professionals are responsive and adaptable; managing accounts with skill and nerdy enthusiasm. Each member of our growing team is here not only because they\u2019re talented and experienced but because they love what they do.\" \/>\n<meta property=\"og:url\" content=\"https:\/\/www.webpartners.co\/pt\/about-us\/\" \/>\n<meta property=\"og:site_name\" content=\"WebPartners.co\" \/>\n<meta property=\"article:publisher\" content=\"https:\/\/www.facebook.com\/Webpartnersco\/\" \/>\n<meta property=\"article:modified_time\" content=\"2021-10-25T21:50:36+00:00\" \/>\n<meta name=\"twitter:card\" content=\"summary\" \/>\n<meta name=\"twitter:site\" content=\"@webpartnersco\" \/>\n<script type=\"application\/ld+json\" class=\"yoast-schema-graph\">{\"@context\":\"https:\/\/schema.org\",\"@graph\":[{\"@type\":\"WebSite\",\"@id\":\"https:\/\/www.webpartners.co\/#website\",\"url\":\"https:\/\/www.webpartners.co\/\",\"name\":\"WebPartners.co\",\"description\":\"Betting Affiliate Program\",\"potentialAction\":[{\"@type\":\"SearchAction\",\"target\":{\"@type\":\"EntryPoint\",\"urlTemplate\":\"https:\/\/www.webpartners.co\/?s={search_term_string}\"},\"query-input\":\"required name=search_term_string\"}],\"inLanguage\":\"pt-BR\"},{\"@type\":\"WebPage\",\"@id\":\"https:\/\/www.webpartners.co\/about-us\/#webpage\",\"url\":\"https:\/\/www.webpartners.co\/about-us\/\",\"name\":\"About Us - WebPartners.co\",\"isPartOf\":{\"@id\":\"https:\/\/www.webpartners.co\/#website\"},\"datePublished\":\"2017-07-23T20:50:12+00:00\",\"dateModified\":\"2021-10-25T21:50:36+00:00\",\"breadcrumb\":{\"@id\":\"https:\/\/www.webpartners.co\/about-us\/#breadcrumb\"},\"inLanguage\":\"pt-BR\",\"potentialAction\":[{\"@type\":\"ReadAction\",\"target\":[\"https:\/\/www.webpartners.co\/about-us\/\"]}]},{\"@type\":\"BreadcrumbList\",\"@id\":\"https:\/\/www.webpartners.co\/about-us\/#breadcrumb\",\"itemListElement\":[{\"@type\":\"ListItem\",\"position\":1,\"name\":\"Home\",\"item\":\"https:\/\/www.webpartners.co\/\"},{\"@type\":\"ListItem\",\"position\":2,\"name\":\"About Us\"}]}]}<\/script>\n<!-- \/ Yoast SEO plugin. -->","yoast_head_json":{"title":"About Us - WebPartners.co","robots":{"index":"index","follow":"follow","max-snippet":"max-snippet:-1","max-image-preview":"max-image-preview:large","max-video-preview":"max-video-preview:-1"},"canonical":"https:\/\/www.webpartners.co\/pt\/about-us\/","og_locale":"pt_BR","og_type":"article","og_title":"About Us - WebPartners.co","og_description":"Our Vision Nestled in the central valley of sunny Costa Rica, we\u2019ve built a talented, full-service Marketing team. Our account professionals are responsive and adaptable; managing accounts with skill and nerdy enthusiasm. Each member of our growing team is here not only because they\u2019re talented and experienced but because they love what they do.","og_url":"https:\/\/www.webpartners.co\/pt\/about-us\/","og_site_name":"WebPartners.co","article_publisher":"https:\/\/www.facebook.com\/Webpartnersco\/","article_modified_time":"2021-10-25T21:50:36+00:00","twitter_card":"summary","twitter_site":"@webpartnersco","schema":{"@context":"https:\/\/schema.org","@graph":[{"@type":"WebSite","@id":"https:\/\/www.webpartners.co\/#website","url":"https:\/\/www.webpartners.co\/","name":"WebPartners.co","description":"Betting Affiliate Program","potentialAction":[{"@type":"SearchAction","target":{"@type":"EntryPoint","urlTemplate":"https:\/\/www.webpartners.co\/?s={search_term_string}"},"query-input":"required name=search_term_string"}],"inLanguage":"pt-BR"},{"@type":"WebPage","@id":"https:\/\/www.webpartners.co\/about-us\/#webpage","url":"https:\/\/www.webpartners.co\/about-us\/","name":"About Us - WebPartners.co","isPartOf":{"@id":"https:\/\/www.webpartners.co\/#website"},"datePublished":"2017-07-23T20:50:12+00:00","dateModified":"2021-10-25T21:50:36+00:00","breadcrumb":{"@id":"https:\/\/www.webpartners.co\/about-us\/#breadcrumb"},"inLanguage":"pt-BR","potentialAction":[{"@type":"ReadAction","target":["https:\/\/www.webpartners.co\/about-us\/"]}]},{"@type":"BreadcrumbList","@id":"https:\/\/www.webpartners.co\/about-us\/#breadcrumb","itemListElement":[{"@type":"ListItem","position":1,"name":"Home","item":"https:\/\/www.webpartners.co\/"},{"@type":"ListItem","position":2,"name":"About Us"}]}]}},"_links":{"self":[{"href":"https:\/\/www.webpartners.co\/pt\/wp-json\/wp\/v2\/pages\/117"}],"collection":[{"href":"https:\/\/www.webpartners.co\/pt\/wp-json\/wp\/v2\/pages"}],"about":[{"href":"https:\/\/www.webpartners.co\/pt\/wp-json\/wp\/v2\/types\/page"}],"author":[{"embeddable":true,"href":"https:\/\/www.webpartners.co\/pt\/wp-json\/wp\/v2\/users\/13"}],"replies":[{"embeddable":true,"href":"https:\/\/www.webpartners.co\/pt\/wp-json\/wp\/v2\/comments?post=117"}],"version-history":[{"count":13,"href":"https:\/\/www.webpartners.co\/pt\/wp-json\/wp\/v2\/pages\/117\/revisions"}],"predecessor-version":[{"id":1847,"href":"https:\/\/www.webpartners.co\/pt\/wp-json\/wp\/v2\/pages\/117\/revisions\/1847"}],"wp:attachment":[{"href":"https:\/\/www.webpartners.co\/pt\/wp-json\/wp\/v2\/media?parent=117"}],"curies":[{"name":"wp","href":"https:\/\/api.w.org\/{rel}","templated":true}]}}