{"id":1546,"date":"2020-01-07T03:35:14","date_gmt":"2020-01-07T03:35:14","guid":{"rendered":"https:\/\/webpartners.co\/?page_id=1546"},"modified":"2024-12-04T20:38:48","modified_gmt":"2024-12-04T20:38:48","slug":"love2play","status":"publish","type":"page","link":"https:\/\/www.webpartners.co\/es\/our-brands\/love2play\/","title":{"rendered":"Love2Play"},"content":{"rendered":"<p>Love2Play received a makeover in 2024 and has continued to evolve ever since! A fully licensed online gaming brand <a href=\"https:\/\/record.webpartners.co\/_wdguYkj90dSoscAllw7Ft2Nd7ZgqdRLk\/1\/\">Love2Play.com<\/a> is a fun filled state-of-the-art online casino offering an innovative mobile &amp; desktop gaming experience. <\/p>\n<p>Players will have the option to choose from over 2500+ amazing games which include classics like: Blackjack, American Roulette, Video Poker, Live Casino, Keno-Bingo and SO MUCH MORE!<\/p>\n<p>Powered by some of the best providers in the market, we offer our clients an easy-to-access, no-download platform that\u2019s fun, easy to use, and incredibly lucrative. The best part? You can get in on the action from the comfort of your computer or mobile device.<\/p>\n<p><a href=\"https:\/\/record.webpartners.co\/_wdguYkj90dTC8fPpViy35GNd7ZgqdRLk\/1\/\">Sign up with Love2Play<\/a> and love your online casino experience today.<\/p>\n<p><strong>Proveedores de juegos:<\/strong><br>With over 2500+ game library powered by Betsoft, Nucleus, Concept-Gaming, Live Casino (ViG), FreshDeck, TVBET, ArrowsEDGE, Religa, Evo Play, BGaming, Smartsoft, Softgaming, Funky Games, Mancala Gaming, KA Gaming, Dragon Gaming, Apollo Games, OnlyPlay, Funta Gaming, MrSlotty, Pure RNG, Playbro, Thunderspin, Universal Casino, SimplePlay, Spadegaming, Vibra Gaming, Felix, FTG, TPG, Proprietary, AIM, Slotopia, Mascot, Superlotto Games, Lotto Instant Win, Inbet Games, Tentoora, Inbet Virtuals, El Casino, NetGame, Orbital, Eurasian Gaming, Apollo, Cool Games, Liw, Felix, Virtual Generation, Spinthon, Yeebet, 1Spin4Win, WINGO and Tada Gaming.<\/p>\n\n\n<p>Adem\u00e1s de nuestra experiencia de juego \u00fanica, ofrecemos a los jugadores numerosas ventajas y beneficios adicionales:<\/p>\n\n\n\n<p><strong>Plataforma de casino m\u00f3vil:<\/strong>&nbsp;Consi\u00e9ntete con una plataforma de casino m\u00f3vil altamente confiable y sin retrasos y conc\u00e9dete acceso a tu cuenta de casino en l\u00ednea desde cualquier lugar del mundo.<\/p>\n\n\n\n<p><strong>Seguridad:<\/strong>&nbsp;Players can just relax and enjoy their favorite games without having to worry about their safeness. Player security and confidentiality are our top priority and highly complex encryption is employed to provide our customers with a safe and secure environment.<\/p>\n\n\n\n<p><strong>Atenci\u00f3n al cliente 24\/7<\/strong>: We understand that every player is valuable, the reason why we want to offer each player an efficient and reliable service. Players can get in touch with our customer support via Live Chat, email or via our toll-free phone number, to receive efficient assistance any day of the week and at any time of the day.<\/p>\n\n\n\n<p><strong>Bonos y promociones exclusivos:<\/strong>&nbsp;Ser recompensado por su acci\u00f3n nunca ha sido tan f\u00e1cil o gratificante. Simplemente visite el Cajero o consulte nuestra p\u00e1gina de Bonos para acceder a c\u00f3digos exclusivos que garantizan recompensas adicionales y ofertas de dinero gratis.<\/p>\n\n\n\n<script type=\"text\/javascript\" src=\"https:\/\/js.webpartners.co\/javascript.php?prefix=wdguYkj90dTC8fPpViy35GNd7ZgqdRLk&amp;media=7142&amp;campaign=1\"><\/script>","protected":false},"excerpt":{"rendered":"<p>Love2Play offers frequent daily promotions, top notch customer service, an exceptional mobile experience and great player bonuses to make their gaming experience one of the best. <\/p>","protected":false},"author":13,"featured_media":8371,"parent":1542,"menu_order":20,"comment_status":"closed","ping_status":"closed","template":"page-brands-template.php","meta":{"_mi_skip_tracking":false},"acf":[],"yoast_head":"<!-- This site is optimized with the Yoast SEO plugin v18.9 - https:\/\/yoast.com\/wordpress\/plugins\/seo\/ -->\n<title>Love2Play - WebPartners.co<\/title>\n<meta name=\"robots\" content=\"index, follow, max-snippet:-1, max-image-preview:large, max-video-preview:-1\" \/>\n<link rel=\"canonical\" href=\"https:\/\/www.webpartners.co\/es\/our-brands\/love2play\/\" \/>\n<meta property=\"og:locale\" content=\"es_MX\" \/>\n<meta property=\"og:type\" content=\"article\" \/>\n<meta property=\"og:title\" content=\"Love2Play - WebPartners.co\" \/>\n<meta property=\"og:description\" content=\"Love2Play offers frequent daily promotions, top notch customer service, an exceptional mobile experience and great player bonuses to make their gaming experience one of the best.\" \/>\n<meta property=\"og:url\" content=\"https:\/\/www.webpartners.co\/es\/our-brands\/love2play\/\" \/>\n<meta property=\"og:site_name\" content=\"WebPartners.co\" \/>\n<meta property=\"article:publisher\" content=\"https:\/\/www.facebook.com\/Webpartnersco\/\" \/>\n<meta property=\"article:modified_time\" content=\"2024-12-04T20:38:48+00:00\" \/>\n<meta property=\"og:image\" content=\"https:\/\/www.webpartners.co\/wp-content\/uploads\/l2p_logo_and_imagery_640x427.jpg\" \/>\n\t<meta property=\"og:image:width\" content=\"640\" \/>\n\t<meta property=\"og:image:height\" content=\"427\" \/>\n\t<meta property=\"og:image:type\" content=\"image\/jpeg\" \/>\n<meta name=\"twitter:card\" content=\"summary\" \/>\n<meta name=\"twitter:site\" content=\"@webpartnersco\" \/>\n<meta name=\"twitter:label1\" content=\"Tiempo de lectura\" \/>\n\t<meta name=\"twitter:data1\" content=\"2 minutos\" \/>\n<script type=\"application\/ld+json\" class=\"yoast-schema-graph\">{\"@context\":\"https:\/\/schema.org\",\"@graph\":[{\"@type\":\"WebSite\",\"@id\":\"https:\/\/www.webpartners.co\/#website\",\"url\":\"https:\/\/www.webpartners.co\/\",\"name\":\"WebPartners.co\",\"description\":\"Betting Affiliate Program\",\"potentialAction\":[{\"@type\":\"SearchAction\",\"target\":{\"@type\":\"EntryPoint\",\"urlTemplate\":\"https:\/\/www.webpartners.co\/?s={search_term_string}\"},\"query-input\":\"required name=search_term_string\"}],\"inLanguage\":\"es-MX\"},{\"@type\":\"ImageObject\",\"inLanguage\":\"es-MX\",\"@id\":\"https:\/\/www.webpartners.co\/our-brands\/love2play\/#primaryimage\",\"url\":\"https:\/\/www.webpartners.co\/wp-content\/uploads\/l2p_logo_and_imagery_640x427.jpg\",\"contentUrl\":\"https:\/\/www.webpartners.co\/wp-content\/uploads\/l2p_logo_and_imagery_640x427.jpg\",\"width\":640,\"height\":427},{\"@type\":\"WebPage\",\"@id\":\"https:\/\/www.webpartners.co\/our-brands\/love2play\/#webpage\",\"url\":\"https:\/\/www.webpartners.co\/our-brands\/love2play\/\",\"name\":\"Love2Play - WebPartners.co\",\"isPartOf\":{\"@id\":\"https:\/\/www.webpartners.co\/#website\"},\"primaryImageOfPage\":{\"@id\":\"https:\/\/www.webpartners.co\/our-brands\/love2play\/#primaryimage\"},\"datePublished\":\"2020-01-07T03:35:14+00:00\",\"dateModified\":\"2024-12-04T20:38:48+00:00\",\"breadcrumb\":{\"@id\":\"https:\/\/www.webpartners.co\/our-brands\/love2play\/#breadcrumb\"},\"inLanguage\":\"es-MX\",\"potentialAction\":[{\"@type\":\"ReadAction\",\"target\":[\"https:\/\/www.webpartners.co\/our-brands\/love2play\/\"]}]},{\"@type\":\"BreadcrumbList\",\"@id\":\"https:\/\/www.webpartners.co\/our-brands\/love2play\/#breadcrumb\",\"itemListElement\":[{\"@type\":\"ListItem\",\"position\":1,\"name\":\"Home\",\"item\":\"https:\/\/www.webpartners.co\/\"},{\"@type\":\"ListItem\",\"position\":2,\"name\":\"Our Brands\",\"item\":\"https:\/\/www.webpartners.co\/our-brands\/\"},{\"@type\":\"ListItem\",\"position\":3,\"name\":\"Love2Play\"}]}]}<\/script>\n<!-- \/ Yoast SEO plugin. -->","yoast_head_json":{"title":"Love2Play - WebPartners.co","robots":{"index":"index","follow":"follow","max-snippet":"max-snippet:-1","max-image-preview":"max-image-preview:large","max-video-preview":"max-video-preview:-1"},"canonical":"https:\/\/www.webpartners.co\/es\/our-brands\/love2play\/","og_locale":"es_MX","og_type":"article","og_title":"Love2Play - WebPartners.co","og_description":"Love2Play offers frequent daily promotions, top notch customer service, an exceptional mobile experience and great player bonuses to make their gaming experience one of the best.","og_url":"https:\/\/www.webpartners.co\/es\/our-brands\/love2play\/","og_site_name":"WebPartners.co","article_publisher":"https:\/\/www.facebook.com\/Webpartnersco\/","article_modified_time":"2024-12-04T20:38:48+00:00","og_image":[{"width":640,"height":427,"url":"https:\/\/www.webpartners.co\/wp-content\/uploads\/l2p_logo_and_imagery_640x427.jpg","type":"image\/jpeg"}],"twitter_card":"summary","twitter_site":"@webpartnersco","twitter_misc":{"Tiempo de lectura":"2 minutos"},"schema":{"@context":"https:\/\/schema.org","@graph":[{"@type":"WebSite","@id":"https:\/\/www.webpartners.co\/#website","url":"https:\/\/www.webpartners.co\/","name":"WebPartners.co","description":"Betting Affiliate Program","potentialAction":[{"@type":"SearchAction","target":{"@type":"EntryPoint","urlTemplate":"https:\/\/www.webpartners.co\/?s={search_term_string}"},"query-input":"required name=search_term_string"}],"inLanguage":"es-MX"},{"@type":"ImageObject","inLanguage":"es-MX","@id":"https:\/\/www.webpartners.co\/our-brands\/love2play\/#primaryimage","url":"https:\/\/www.webpartners.co\/wp-content\/uploads\/l2p_logo_and_imagery_640x427.jpg","contentUrl":"https:\/\/www.webpartners.co\/wp-content\/uploads\/l2p_logo_and_imagery_640x427.jpg","width":640,"height":427},{"@type":"WebPage","@id":"https:\/\/www.webpartners.co\/our-brands\/love2play\/#webpage","url":"https:\/\/www.webpartners.co\/our-brands\/love2play\/","name":"Love2Play - WebPartners.co","isPartOf":{"@id":"https:\/\/www.webpartners.co\/#website"},"primaryImageOfPage":{"@id":"https:\/\/www.webpartners.co\/our-brands\/love2play\/#primaryimage"},"datePublished":"2020-01-07T03:35:14+00:00","dateModified":"2024-12-04T20:38:48+00:00","breadcrumb":{"@id":"https:\/\/www.webpartners.co\/our-brands\/love2play\/#breadcrumb"},"inLanguage":"es-MX","potentialAction":[{"@type":"ReadAction","target":["https:\/\/www.webpartners.co\/our-brands\/love2play\/"]}]},{"@type":"BreadcrumbList","@id":"https:\/\/www.webpartners.co\/our-brands\/love2play\/#breadcrumb","itemListElement":[{"@type":"ListItem","position":1,"name":"Home","item":"https:\/\/www.webpartners.co\/"},{"@type":"ListItem","position":2,"name":"Our Brands","item":"https:\/\/www.webpartners.co\/our-brands\/"},{"@type":"ListItem","position":3,"name":"Love2Play"}]}]}},"_links":{"self":[{"href":"https:\/\/www.webpartners.co\/es\/wp-json\/wp\/v2\/pages\/1546"}],"collection":[{"href":"https:\/\/www.webpartners.co\/es\/wp-json\/wp\/v2\/pages"}],"about":[{"href":"https:\/\/www.webpartners.co\/es\/wp-json\/wp\/v2\/types\/page"}],"author":[{"embeddable":true,"href":"https:\/\/www.webpartners.co\/es\/wp-json\/wp\/v2\/users\/13"}],"replies":[{"embeddable":true,"href":"https:\/\/www.webpartners.co\/es\/wp-json\/wp\/v2\/comments?post=1546"}],"version-history":[{"count":24,"href":"https:\/\/www.webpartners.co\/es\/wp-json\/wp\/v2\/pages\/1546\/revisions"}],"predecessor-version":[{"id":9748,"href":"https:\/\/www.webpartners.co\/es\/wp-json\/wp\/v2\/pages\/1546\/revisions\/9748"}],"up":[{"embeddable":true,"href":"https:\/\/www.webpartners.co\/es\/wp-json\/wp\/v2\/pages\/1542"}],"wp:featuredmedia":[{"embeddable":true,"href":"https:\/\/www.webpartners.co\/es\/wp-json\/wp\/v2\/media\/8371"}],"wp:attachment":[{"href":"https:\/\/www.webpartners.co\/es\/wp-json\/wp\/v2\/media?parent=1546"}],"curies":[{"name":"wp","href":"https:\/\/api.w.org\/{rel}","templated":true}]}}